{"id":508,"date":"2018-11-26T12:47:06","date_gmt":"2018-11-26T12:47:06","guid":{"rendered":"https:\/\/ghdgorjanci.si\/contact\/"},"modified":"2025-06-24T20:15:41","modified_gmt":"2025-06-24T18:15:41","slug":"o-progi","status":"publish","type":"page","link":"https:\/\/ghdgorjanci.si\/en\/o-progi\/","title":{"rendered":"About track"},"content":{"rendered":"<div data-elementor-type=\"wp-post\" data-elementor-id=\"508\" class=\"elementor elementor-508\" data-elementor-settings=\"[]\">\n\t\t\t\t\t\t\t<div class=\"elementor-section-wrap\">\n\t\t\t\t\t\t\t<section class=\"elementor-section elementor-top-section elementor-element elementor-element-797db47 elementor-section-content-middle elementor-section-boxed elementor-section-height-default elementor-section-height-default\" data-id=\"797db47\" data-element_type=\"section\" data-settings=\"{&quot;background_background&quot;:&quot;classic&quot;}\">\n\t\t\t\t\t\t\t<div class=\"elementor-background-overlay\"><\/div>\n\t\t\t\t\t\t\t<div class=\"elementor-container elementor-column-gap-no\">\n\t\t\t\t\t<div class=\"elementor-column elementor-col-100 elementor-top-column elementor-element elementor-element-b15b336\" data-id=\"b15b336\" data-element_type=\"column\">\n\t\t\t<div class=\"elementor-widget-wrap elementor-element-populated\">\n\t\t\t\t\t\t\t\t<div class=\"elementor-element elementor-element-ea3c554 elementor-widget elementor-widget-heading\" data-id=\"ea3c554\" data-element_type=\"widget\" data-widget_type=\"heading.default\">\n\t\t\t\t<div class=\"elementor-widget-container\">\n\t\t\t<h1 class=\"elementor-heading-title elementor-size-default\">track<\/h1>\t\t<\/div>\n\t\t\t\t<\/div>\n\t\t\t\t<div class=\"elementor-element elementor-element-b258d20 elementor-widget elementor-widget-spacer\" data-id=\"b258d20\" data-element_type=\"widget\" data-widget_type=\"spacer.default\">\n\t\t\t\t<div class=\"elementor-widget-container\">\n\t\t\t\t\t<div class=\"elementor-spacer\">\n\t\t\t<div class=\"elementor-spacer-inner\"><\/div>\n\t\t<\/div>\n\t\t\t\t<\/div>\n\t\t\t\t<\/div>\n\t\t\t\t\t<\/div>\n\t\t<\/div>\n\t\t\t\t\t\t\t<\/div>\n\t\t<\/section>\n\t\t\t\t<section class=\"elementor-section elementor-top-section elementor-element elementor-element-de37413 elementor-section-boxed elementor-section-height-default elementor-section-height-default\" data-id=\"de37413\" data-element_type=\"section\">\n\t\t\t\t\t\t<div class=\"elementor-container elementor-column-gap-default\">\n\t\t\t\t\t<div class=\"elementor-column elementor-col-100 elementor-top-column elementor-element elementor-element-ba77ed2\" data-id=\"ba77ed2\" data-element_type=\"column\">\n\t\t\t<div class=\"elementor-widget-wrap elementor-element-populated\">\n\t\t\t\t\t\t\t\t<div class=\"elementor-element elementor-element-d548c56 elementor-widget elementor-widget-spacer\" data-id=\"d548c56\" data-element_type=\"widget\" data-widget_type=\"spacer.default\">\n\t\t\t\t<div class=\"elementor-widget-container\">\n\t\t\t\t\t<div class=\"elementor-spacer\">\n\t\t\t<div class=\"elementor-spacer-inner\"><\/div>\n\t\t<\/div>\n\t\t\t\t<\/div>\n\t\t\t\t<\/div>\n\t\t\t\t\t<\/div>\n\t\t<\/div>\n\t\t\t\t\t\t\t<\/div>\n\t\t<\/section>\n\t\t\t\t<section class=\"elementor-section elementor-top-section elementor-element elementor-element-1199e06 elementor-section-boxed elementor-section-height-default elementor-section-height-default\" data-id=\"1199e06\" data-element_type=\"section\">\n\t\t\t\t\t\t<div class=\"elementor-container elementor-column-gap-default\">\n\t\t\t\t\t<div class=\"elementor-column elementor-col-50 elementor-top-column elementor-element elementor-element-b6cc7a6\" data-id=\"b6cc7a6\" data-element_type=\"column\">\n\t\t\t<div class=\"elementor-widget-wrap elementor-element-populated\">\n\t\t\t\t\t\t\t\t<div class=\"elementor-element elementor-element-fe29192 elementor-widget elementor-widget-text-editor\" data-id=\"fe29192\" data-element_type=\"widget\" data-widget_type=\"text-editor.default\">\n\t\t\t\t<div class=\"elementor-widget-container\">\n\t\t\t\t\t\t\t\t<h2 style=\"text-align: center;\"><strong>Start: Te\u017eka Voda (237 m.a.s.l.)<br \/><\/strong><strong>Cilj: Veliki Cerovec (515 m.n.v.)<\/strong><\/h2>\t\t\t\t\t\t<\/div>\n\t\t\t\t<\/div>\n\t\t\t\t<div class=\"elementor-element elementor-element-f3274aa elementor-widget elementor-widget-counter\" data-id=\"f3274aa\" data-element_type=\"widget\" data-widget_type=\"counter.default\">\n\t\t\t\t<div class=\"elementor-widget-container\">\n\t\t\t\t\t<div class=\"elementor-counter\">\n\t\t\t<div class=\"elementor-counter-number-wrapper\">\n\t\t\t\t<span class=\"elementor-counter-number-prefix\">Length <\/span>\n\t\t\t\t<span class=\"elementor-counter-number\" data-duration=\"2000\" data-to-value=\"4.3\" data-from-value=\"0\" data-delimiter=\",\">0<\/span>\n\t\t\t\t<span class=\"elementor-counter-number-suffix\"> km<\/span>\n\t\t\t<\/div>\n\t\t\t\t\t<\/div>\n\t\t\t\t<\/div>\n\t\t\t\t<\/div>\n\t\t\t\t<div class=\"elementor-element elementor-element-9ddc0fd elementor-widget elementor-widget-counter\" data-id=\"9ddc0fd\" data-element_type=\"widget\" data-widget_type=\"counter.default\">\n\t\t\t\t<div class=\"elementor-widget-container\">\n\t\t\t\t\t<div class=\"elementor-counter\">\n\t\t\t<div class=\"elementor-counter-number-wrapper\">\n\t\t\t\t<span class=\"elementor-counter-number-prefix\">Average slope <\/span>\n\t\t\t\t<span class=\"elementor-counter-number\" data-duration=\"2000\" data-to-value=\"6.6\" data-from-value=\"0\">0<\/span>\n\t\t\t\t<span class=\"elementor-counter-number-suffix\"> %<\/span>\n\t\t\t<\/div>\n\t\t\t\t\t<\/div>\n\t\t\t\t<\/div>\n\t\t\t\t<\/div>\n\t\t\t\t<div class=\"elementor-element elementor-element-e5ea325 elementor-widget elementor-widget-counter\" data-id=\"e5ea325\" data-element_type=\"widget\" data-widget_type=\"counter.default\">\n\t\t\t\t<div class=\"elementor-widget-container\">\n\t\t\t\t\t<div class=\"elementor-counter\">\n\t\t\t<div class=\"elementor-counter-number-wrapper\">\n\t\t\t\t<span class=\"elementor-counter-number-prefix\">Number of corners <\/span>\n\t\t\t\t<span class=\"elementor-counter-number\" data-duration=\"2000\" data-to-value=\"23\" data-from-value=\"0\" data-delimiter=\",\">0<\/span>\n\t\t\t\t<span class=\"elementor-counter-number-suffix\"><\/span>\n\t\t\t<\/div>\n\t\t\t\t\t<\/div>\n\t\t\t\t<\/div>\n\t\t\t\t<\/div>\n\t\t\t\t<div class=\"elementor-element elementor-element-afbb40d elementor-widget elementor-widget-counter\" data-id=\"afbb40d\" data-element_type=\"widget\" data-widget_type=\"counter.default\">\n\t\t\t\t<div class=\"elementor-widget-container\">\n\t\t\t\t\t<div class=\"elementor-counter\">\n\t\t\t<div class=\"elementor-counter-number-wrapper\">\n\t\t\t\t<span class=\"elementor-counter-number-prefix\">Change in altitude <\/span>\n\t\t\t\t<span class=\"elementor-counter-number\" data-duration=\"2000\" data-to-value=\"278\" data-from-value=\"0\" data-delimiter=\",\">0<\/span>\n\t\t\t\t<span class=\"elementor-counter-number-suffix\"> m<\/span>\n\t\t\t<\/div>\n\t\t\t\t\t<\/div>\n\t\t\t\t<\/div>\n\t\t\t\t<\/div>\n\t\t\t\t\t<\/div>\n\t\t<\/div>\n\t\t\t\t<div class=\"elementor-column elementor-col-50 elementor-top-column elementor-element elementor-element-1b16ede\" data-id=\"1b16ede\" data-element_type=\"column\">\n\t\t\t<div class=\"elementor-widget-wrap elementor-element-populated\">\n\t\t\t\t\t\t\t\t<div class=\"elementor-element elementor-element-d8ebdf9 elementor-invisible elementor-widget elementor-widget-image\" data-id=\"d8ebdf9\" data-element_type=\"widget\" data-settings=\"{&quot;_animation&quot;:&quot;slideInRight&quot;}\" data-widget_type=\"image.default\">\n\t\t\t\t<div class=\"elementor-widget-container\">\n\t\t\t\t\t\t\t\t\t\t\t\t\t\t\t<img loading=\"lazy\" decoding=\"async\" width=\"1464\" height=\"2178\" src=\"https:\/\/ghdgorjanci.si\/wp-content\/uploads\/2023\/06\/Proga_GHD-Gorjanci_2023_manjsa.jpg\" class=\"attachment-full size-full\" alt=\"\" srcset=\"https:\/\/ghdgorjanci.si\/wp-content\/uploads\/2023\/06\/Proga_GHD-Gorjanci_2023_manjsa.jpg 1464w, https:\/\/ghdgorjanci.si\/wp-content\/uploads\/2023\/06\/Proga_GHD-Gorjanci_2023_manjsa-202x300.jpg 202w, https:\/\/ghdgorjanci.si\/wp-content\/uploads\/2023\/06\/Proga_GHD-Gorjanci_2023_manjsa-688x1024.jpg 688w, https:\/\/ghdgorjanci.si\/wp-content\/uploads\/2023\/06\/Proga_GHD-Gorjanci_2023_manjsa-768x1143.jpg 768w, https:\/\/ghdgorjanci.si\/wp-content\/uploads\/2023\/06\/Proga_GHD-Gorjanci_2023_manjsa-1032x1536.jpg 1032w, https:\/\/ghdgorjanci.si\/wp-content\/uploads\/2023\/06\/Proga_GHD-Gorjanci_2023_manjsa-1377x2048.jpg 1377w, https:\/\/ghdgorjanci.si\/wp-content\/uploads\/2023\/06\/Proga_GHD-Gorjanci_2023_manjsa-8x12.jpg 8w\" sizes=\"auto, (max-width: 1464px) 100vw, 1464px\" \/>\t\t\t\t\t\t\t\t\t\t\t\t\t\t\t<\/div>\n\t\t\t\t<\/div>\n\t\t\t\t\t<\/div>\n\t\t<\/div>\n\t\t\t\t\t\t\t<\/div>\n\t\t<\/section>\n\t\t\t\t<section class=\"elementor-section elementor-top-section elementor-element elementor-element-f0269f0 elementor-section-boxed elementor-section-height-default elementor-section-height-default\" data-id=\"f0269f0\" data-element_type=\"section\">\n\t\t\t\t\t\t<div class=\"elementor-container elementor-column-gap-default\">\n\t\t\t\t\t<div class=\"elementor-column elementor-col-100 elementor-top-column elementor-element elementor-element-c759031\" data-id=\"c759031\" data-element_type=\"column\">\n\t\t\t<div class=\"elementor-widget-wrap elementor-element-populated\">\n\t\t\t\t\t\t\t\t<div class=\"elementor-element elementor-element-60eb2a4 elementor-widget elementor-widget-spacer\" data-id=\"60eb2a4\" data-element_type=\"widget\" data-widget_type=\"spacer.default\">\n\t\t\t\t<div class=\"elementor-widget-container\">\n\t\t\t\t\t<div class=\"elementor-spacer\">\n\t\t\t<div class=\"elementor-spacer-inner\"><\/div>\n\t\t<\/div>\n\t\t\t\t<\/div>\n\t\t\t\t<\/div>\n\t\t\t\t<div class=\"elementor-element elementor-element-e67fd1a elementor-widget elementor-widget-text-editor\" data-id=\"e67fd1a\" data-element_type=\"widget\" data-widget_type=\"text-editor.default\">\n\t\t\t\t<div class=\"elementor-widget-container\">\n\t\t\t\t\t\t\t\t<h4>History of the race<\/h4><div>Gorsko hitrostna avtomobilska dirka na Gorjance velja za eno iz med zibelk avtomobilskega \u0161porta na slovenskih cestah. Prva avtomobilska gorska dirka na Gorjancih je bila 17. junija 1951, leta 1969 pa se je dirka pri\u010dela vra\u010dati v redne koledarje dirk, ko je bila proga dolga 6,8 km, podprlo pa jo je doma\u010de avtomobilsko podjetje IMV. Dve leti kasneje, ko so progo skraj\u0161ali za 400 m, \u00a0pa je \u017ee bila v koledarju prvega dr\u017eavnega gorskega prvenstva v takratni Jugoslaviji. Zadnji\u010d je bila izpeljana leta 1972, leto kasneje pa je bilo cestno dirkanje v Sloveniji zaradi tragi\u010dnih dogodkov v Kamniku in \u0160kofji Loki prepovedano. In dirka na Gorjance je za vrsto let izginila s prizori\u0161\u010da. Obudili so jo ponovno v za\u010detku devetdesetih, takrat \u017ee kot tekmovanje dr\u017eavnega prvenstva nove, samostojne dr\u017eave Slovenije. Takrat je dirka do\u017eivela svoje najbolj zvezdne trenutke, tudi z mo\u010dno mednarodno udele\u017ebo, nato pa je po izvedbi v letu 2008 ponovno izginila iz koledarja. A tokrat samo za dve leti, kajti leta 2011 so jo ponovno obudili, od leta 2021 pa je organizator AMD Novo mesto\u00a0 \u00a0<\/div><div>\u00a0<\/div><div>Trasa dirke, ki je od samih za\u010detkov potekala po magistralni cesti iz Novega mesta \u010dez Gorjance proti Metliki, je do\u017eivela kar nekaj sprememb. Najbolj o\u010ditne so bile ve\u010dkratne spremembe same dol\u017eine proge od prvotnih 6,8 km so jo ve\u010dkrat kraj\u0161ali. Prav tako se je s \u010dasom izbolj\u0161evala tudi podlaga. Prav ta je bila v zadnjih letih najbolj kritiziran del tekmovanja, a to se je \u017ee lani bistveno popravilo. Na Dolenjskem napovedujejo, da bo iz leta v leto vse bolje, saj cesto pospe\u0161eno obnavljajo. To pomeni \u0161ir\u0161e, bolj gladko in bolje zavarovano vozi\u0161\u010de, kar je zelo pomembno za obi\u010dajen promet, \u0161e bolj pa pride do izraza med izvedbo tekmovanja! \u00a0Prav tako se izbolj\u0161ujejo pogoji za delo ekip pred dirko, torej servisni prostor. \u0160e nekaj let nazaj so bili boksi na skromnem parkiri\u0161\u010du pred gostilno in vzdol\u017e same ceste, nato pa so uredili veliko, sicer tovornjakom namenjeno, parkiri\u0161\u010de. Na njem manjka le \u0161e asfaltna prevleka in bo skorajda idealno. Posebej zato, ker le\u017ei neposredno ob \u0161tartu, kar je na gorskih dirkah prej izjema kot pravilo. \u00a0\u00a0<\/div><div>\u00a0<\/div><div>Na gorski dirki na Gorjance so tekmovali in tudi zmagovali mnogi znani vozniki iz nekdanje Jugoslavije, kot tudi iz Slovenije in tujine. Tistim z nekoliko dalj\u0161im dirka\u0161kim spominom pridejo na um imena, kot so Du\u0161an Djani\u0161, Ale\u0161 Pu\u0161nik, Du\u0161an Kermavner, Alojz Pavli\u010d, Drago Regvart, Mladen Gluhak, Jovica Palikovi\u010d, Robert Lang, leta kasneje pa so navdu\u0161evali Stojan Pirjevec, Slavko Dekleva, Matja\u017e Tomlje, Mi\u0161el Zupan\u010di\u010d in \u0161e mnogi drugi. V novej\u0161em \u010dasu so gledalce navdu\u0161evali Samo Valant, Igor Dekleva, Milan Bubni\u010d, Vladimir Stankovi\u010d, med tujci pa predvsem Jaroslav Kraj\u010di, Walter Leitgeb, \u00a0Herman Waldy, Marietto Nalon \u2026 \u00a0 \u00a0\u00a0<\/div><div>\u00a0<\/div>\t\t\t\t\t\t<\/div>\n\t\t\t\t<\/div>\n\t\t\t\t\t<\/div>\n\t\t<\/div>\n\t\t\t\t\t\t\t<\/div>\n\t\t<\/section>\n\t\t\t\t<section class=\"elementor-section elementor-top-section elementor-element elementor-element-dab4e12 elementor-section-full_width elementor-section-height-default elementor-section-height-default\" data-id=\"dab4e12\" data-element_type=\"section\">\n\t\t\t\t\t\t<div class=\"elementor-container elementor-column-gap-default\">\n\t\t\t\t\t<div class=\"elementor-column elementor-col-100 elementor-top-column elementor-element elementor-element-bc74a80\" data-id=\"bc74a80\" data-element_type=\"column\">\n\t\t\t<div class=\"elementor-widget-wrap elementor-element-populated\">\n\t\t\t\t\t\t\t\t<div class=\"elementor-element elementor-element-f35a7d6 elementor-widget elementor-widget-html\" data-id=\"f35a7d6\" data-element_type=\"widget\" data-widget_type=\"html.default\">\n\t\t\t\t<div class=\"elementor-widget-container\">\n\t\t\t<iframe loading=\"lazy\" src=\"https:\/\/www.google.com\/maps\/d\/embed?mid=1trD6RMOgzGBK9p7LLh1eoKginrZLrXL1&hl=sl\" width=\"640\" height=\"480\"><\/iframe>\t\t<\/div>\n\t\t\t\t<\/div>\n\t\t\t\t\t<\/div>\n\t\t<\/div>\n\t\t\t\t\t\t\t<\/div>\n\t\t<\/section>\n\t\t\t\t<section class=\"elementor-section elementor-top-section elementor-element elementor-element-2cd0dd4 elementor-section-boxed elementor-section-height-default elementor-section-height-default\" data-id=\"2cd0dd4\" data-element_type=\"section\">\n\t\t\t\t\t\t<div class=\"elementor-container elementor-column-gap-default\">\n\t\t\t\t\t<div class=\"elementor-column elementor-col-100 elementor-top-column elementor-element elementor-element-02a20b0\" data-id=\"02a20b0\" data-element_type=\"column\">\n\t\t\t<div class=\"elementor-widget-wrap elementor-element-populated\">\n\t\t\t\t\t\t\t\t<div class=\"elementor-element elementor-element-cc28fb3 elementor-widget elementor-widget-text-editor\" data-id=\"cc28fb3\" data-element_type=\"widget\" data-widget_type=\"text-editor.default\">\n\t\t\t\t<div class=\"elementor-widget-container\">\n\t\t\t\t\t\t\t\t<iframe src=\"https:\/\/www.google.com\/maps\/embed?pb=!1m18!1m12!1m3!1d4798.7997277340555!2d15.19745081318467!3d45.75928877095985!2m3!1f0!2f0!3f0!3m2!1i1024!2i768!4f13.1!3m3!1m2!1s0x476455e210721923%3A0xd3c2d90e6f9b828!2sStart%20(GHD%20Gorjanci)!5e1!3m2!1ssl!2ssi!4v1750788762978!5m2!1ssl!2ssi\" width=\"600\" height=\"450\" style=\"border:0;\" allowfullscreen=\"\" loading=\"lazy\" referrerpolicy=\"no-referrer-when-downgrade\"><\/iframe>\t\t\t\t\t\t<\/div>\n\t\t\t\t<\/div>\n\t\t\t\t\t<\/div>\n\t\t<\/div>\n\t\t\t\t\t\t\t<\/div>\n\t\t<\/section>\n\t\t\t\t\t\t<\/div>\n\t\t\t\t\t<\/div>","protected":false},"excerpt":{"rendered":"<p>proga Start: Te\u017eka Voda (237 m.n.v.)Cilj: Veliki Cerovec (515 m.n.v.) Dol\u017eina: 0 km Povp. naklon: 0 % \u0160tevilo zavojev: 0 Vi\u0161inska razlika: 0 m Zgodovina Dirke Gorsko hitrostna avtomobilska dirka na Gorjance velja za eno iz med zibelk avtomobilskega \u0161porta na slovenskih cestah. Prva avtomobilska gorska dirka na Gorjancih je bila 17. junija 1951, leta &hellip;<\/p>\n<p class=\"read-more\"> <a class=\"\" href=\"https:\/\/ghdgorjanci.si\/en\/o-progi\/\"> <span class=\"screen-reader-text\">About track<\/span> Read More &raquo;<\/a><\/p>","protected":false},"author":1,"featured_media":0,"parent":0,"menu_order":0,"comment_status":"closed","ping_status":"closed","template":"","meta":{"footnotes":""},"class_list":["post-508","page","type-page","status-publish","hentry"],"_links":{"self":[{"href":"https:\/\/ghdgorjanci.si\/en\/wp-json\/wp\/v2\/pages\/508","targetHints":{"allow":["GET"]}}],"collection":[{"href":"https:\/\/ghdgorjanci.si\/en\/wp-json\/wp\/v2\/pages"}],"about":[{"href":"https:\/\/ghdgorjanci.si\/en\/wp-json\/wp\/v2\/types\/page"}],"author":[{"embeddable":true,"href":"https:\/\/ghdgorjanci.si\/en\/wp-json\/wp\/v2\/users\/1"}],"replies":[{"embeddable":true,"href":"https:\/\/ghdgorjanci.si\/en\/wp-json\/wp\/v2\/comments?post=508"}],"version-history":[{"count":89,"href":"https:\/\/ghdgorjanci.si\/en\/wp-json\/wp\/v2\/pages\/508\/revisions"}],"predecessor-version":[{"id":2065,"href":"https:\/\/ghdgorjanci.si\/en\/wp-json\/wp\/v2\/pages\/508\/revisions\/2065"}],"wp:attachment":[{"href":"https:\/\/ghdgorjanci.si\/en\/wp-json\/wp\/v2\/media?parent=508"}],"curies":[{"name":"wp","href":"https:\/\/api.w.org\/{rel}","templated":true}]}}